{"id":1061,"date":"2024-01-06T14:11:01","date_gmt":"2024-01-06T20:11:01","guid":{"rendered":"https:\/\/bestvaluekeys.com\/?post_type=product&#038;p=1061"},"modified":"2024-04-25T14:44:42","modified_gmt":"2024-04-25T20:44:42","slug":"kaspersky-premium-1-ano","status":"publish","type":"product","link":"https:\/\/bestvaluekeys.com\/index.php\/producto\/kaspersky-premium-1-ano\/","title":{"rendered":"Kaspersky Premium 1 A\u00f1o"},"content":{"rendered":"<p><span class=\"VIpgJd-yAWNEb-VIpgJd-fmcmS-sn54Q\">Kaspersky Premium 2023 &#8211; 1 a\u00f1o (Am\u00e9rica): Proteja su vida digital con nuestro plan definitivo, que ofrece antivirus galardonado, protecci\u00f3n de la privacidad y la identidad, optimizaci\u00f3n del rendimiento y beneficios premium imprescindibles, como Fast Unlimited VPN , Secure Password Manager y Vault.<\/span><\/p>\n<p><strong><span class=\"VIpgJd-yAWNEb-VIpgJd-fmcmS-sn54Q\">Kaspersky Premium incluye:<\/span><\/strong><\/p>\n<ul>\n<li>Antivirus en tiempo real.<\/li>\n<li>Protecci\u00f3n de pagos en l\u00ednea.<\/li>\n<li>Optimizaci\u00f3n del rendimiento.<\/li>\n<li>VPN super r\u00e1pida ilimitada.<\/li>\n<li>Comprobador de fugas de datos.<\/li>\n<li>Protecci\u00f3n de identidad.<\/li>\n<li>Comprobaci\u00f3n y control de virus expertos.<\/li>\n<\/ul>\n<p><strong>C\u00f3mo activar:<\/strong><\/p>\n<ol>\n<li>Descargue el archivo de instalaci\u00f3n desde este enlace:\u00a0<a href=\"https:\/\/www.kaspersky.com\/downloads\/plus\">https:\/\/www.kaspersky.com\/downloads\/plus<\/a><\/li>\n<li>Instale el aplicativo una vez descargado.<\/li>\n<li>Abra la aplicaci\u00f3n y luego ingrese su licencia dentro de la aplicaci\u00f3n para su activaci\u00f3n.<\/li>\n<\/ol>\n","protected":false},"excerpt":{"rendered":"<p>Kaspersky Premium 2023 &#8211; 1 a\u00f1o (Am\u00e9rica): Proteja su vida digital con nuestro plan definitivo, que ofrece antivirus galardonado, protecci\u00f3n de la privacidad y la identidad, optimizaci\u00f3n del rendimiento y beneficios premium imprescindibles, como Fast Unlimited VPN , Secure Password Manager y Vault. Kaspersky Premium incluye: Antivirus en tiempo real. Protecci\u00f3n de pagos en l\u00ednea. [&hellip;]<\/p>\n","protected":false},"featured_media":825,"comment_status":"open","ping_status":"closed","template":"","meta":[],"product_brand":[],"product_cat":[32],"product_tag":[],"class_list":{"0":"post-1061","1":"product","2":"type-product","3":"status-publish","4":"has-post-thumbnail","6":"product_cat-antivirus","8":"first","9":"outofstock","10":"shipping-taxable","11":"purchasable","12":"product-type-variable"},"jetpack_sharing_enabled":true,"_links":{"self":[{"href":"https:\/\/bestvaluekeys.com\/index.php\/wp-json\/wp\/v2\/product\/1061","targetHints":{"allow":["GET"]}}],"collection":[{"href":"https:\/\/bestvaluekeys.com\/index.php\/wp-json\/wp\/v2\/product"}],"about":[{"href":"https:\/\/bestvaluekeys.com\/index.php\/wp-json\/wp\/v2\/types\/product"}],"replies":[{"embeddable":true,"href":"https:\/\/bestvaluekeys.com\/index.php\/wp-json\/wp\/v2\/comments?post=1061"}],"wp:featuredmedia":[{"embeddable":true,"href":"https:\/\/bestvaluekeys.com\/index.php\/wp-json\/wp\/v2\/media\/825"}],"wp:attachment":[{"href":"https:\/\/bestvaluekeys.com\/index.php\/wp-json\/wp\/v2\/media?parent=1061"}],"wp:term":[{"taxonomy":"product_brand","embeddable":true,"href":"https:\/\/bestvaluekeys.com\/index.php\/wp-json\/wp\/v2\/product_brand?post=1061"},{"taxonomy":"product_cat","embeddable":true,"href":"https:\/\/bestvaluekeys.com\/index.php\/wp-json\/wp\/v2\/product_cat?post=1061"},{"taxonomy":"product_tag","embeddable":true,"href":"https:\/\/bestvaluekeys.com\/index.php\/wp-json\/wp\/v2\/product_tag?post=1061"}],"curies":[{"name":"wp","href":"https:\/\/api.w.org\/{rel}","templated":true}]}}