{"id":1119,"date":"2024-02-21T16:33:39","date_gmt":"2024-02-21T22:33:39","guid":{"rendered":"https:\/\/bestvaluekeys.com\/?post_type=product&#038;p=1119"},"modified":"2025-02-19T14:52:01","modified_gmt":"2025-02-19T20:52:01","slug":"eset-nod32-internet-security","status":"publish","type":"product","link":"https:\/\/bestvaluekeys.com\/index.php\/producto\/eset-nod32-internet-security\/","title":{"rendered":"Eset NOD32 Internet Security"},"content":{"rendered":"<div class=\"box-top-content\">\n<div id=\"content-expand-link-1\" class=\"frame frame-default frame-type-esetbase_fce_cta frame-layout-0 active\">\u00bfQu\u00e9 incluye?<\/div>\n<\/div>\n<div class=\"box-bottom-content element-visible\">\n<div id=\"content-c10147126\" class=\"frame frame-default frame-type-text frame-layout-0\">\n<ul class=\"list-checkmark list-skin-green\">\n<li>Protecci\u00f3n en tiempo real 24&#215;7.<span class=\"eset-toggle-container inline-tooltip\"><i class=\"icon ficon-info\"><span class=\"eset-tooltip-element list-info initialized\"><br \/>\n<\/span><\/i><\/span><\/li>\n<li>Escaneos r\u00e1pidos sin interrupciones.<span class=\"eset-toggle-container inline-tooltip\"><i class=\"icon ficon-info\"><span class=\"eset-tooltip-element list-info initialized\"><br \/>\n<\/span><\/i><\/span><\/li>\n<li>Navegaci\u00f3n y operaciones bancarias seguras e ininterrumpidas.<i class=\"icon ficon-info\"><\/i><\/li>\n<li>Smartphones y hogares inteligentes protegidos.<i class=\"icon ficon-info\"><\/i><\/li>\n<\/ul>\n<\/div>\n<\/div>\n","protected":false},"excerpt":{"rendered":"<div class=\"box-top-content\">\n<div>\n<div data-hveid=\"CBcQAQ\">\n<div class=\"dnXCYb\" tabindex=\"0\" role=\"button\" aria-controls=\"_B3rWZfvsMPaLwbkPybKCqAU_30\" aria-expanded=\"true\">\n<div class=\"JlqpRe\"><strong><span class=\"JCzEY ZwRhJd\"><span class=\"CSkcDe\">\u00bfQu\u00e9 protege ESET Internet Security?<\/span><\/span><\/strong><\/div>\n<\/div>\n<\/div>\n<\/div>\n<\/div>\n<div data-ved=\"2ahUKEwi7jKa8vr2EAxX2RTABHUmZAFUQuk56BAgXEAI\"><\/div>\n<div class=\"box-top-content\">\n<div>\n<div id=\"_B3rWZfvsMPaLwbkPybKCqAU_30\" class=\"bCOlv\" data-ved=\"2ahUKEwi7jKa8vr2EAxX2RTABHUmZAFUQ7NUEegQIFxAE\">\n<div class=\"IZE3Td\">\n<div class=\"r2fjmd t0bRye\" data-hveid=\"CBcQBQ\" data-ved=\"2ahUKEwi7jKa8vr2EAxX2RTABHUmZAFUQu04oAHoECBcQBQ\">\n<div id=\"B3rWZfvsMPaLwbkPybKCqAU__16\">\n<div class=\"wDYxhc\" data-md=\"61\">\n<div class=\"LGOjhe\" role=\"heading\" data-attrid=\"wa:\/description\" aria-level=\"3\" data-hveid=\"CBYQAA\"><span class=\"ILfuVd\" lang=\"es\"><span class=\"hgKElc\">Lo protege de\u00a0<b>amenazas desconocidas<\/b>, a las que neutraliza antes de que lleguen a causar da\u00f1o. La Protecci\u00f3n del acceso a la web y Anti-Phishing funciona mediante el monitoreo de la comunicaci\u00f3n entre navegadores Web y servidores remotos (incluido SSL).<\/span><\/span><\/div>\n<\/div>\n<\/div>\n<\/div>\n<\/div>\n<\/div>\n<\/div>\n<\/div>\n","protected":false},"featured_media":1128,"comment_status":"open","ping_status":"closed","template":"","meta":[],"product_brand":[],"product_cat":[32],"product_tag":[],"class_list":{"0":"post-1119","1":"product","2":"type-product","3":"status-publish","4":"has-post-thumbnail","6":"product_cat-antivirus","8":"first","9":"outofstock","10":"sale","11":"shipping-taxable","12":"purchasable","13":"product-type-variable"},"jetpack_sharing_enabled":true,"_links":{"self":[{"href":"https:\/\/bestvaluekeys.com\/index.php\/wp-json\/wp\/v2\/product\/1119","targetHints":{"allow":["GET"]}}],"collection":[{"href":"https:\/\/bestvaluekeys.com\/index.php\/wp-json\/wp\/v2\/product"}],"about":[{"href":"https:\/\/bestvaluekeys.com\/index.php\/wp-json\/wp\/v2\/types\/product"}],"replies":[{"embeddable":true,"href":"https:\/\/bestvaluekeys.com\/index.php\/wp-json\/wp\/v2\/comments?post=1119"}],"wp:featuredmedia":[{"embeddable":true,"href":"https:\/\/bestvaluekeys.com\/index.php\/wp-json\/wp\/v2\/media\/1128"}],"wp:attachment":[{"href":"https:\/\/bestvaluekeys.com\/index.php\/wp-json\/wp\/v2\/media?parent=1119"}],"wp:term":[{"taxonomy":"product_brand","embeddable":true,"href":"https:\/\/bestvaluekeys.com\/index.php\/wp-json\/wp\/v2\/product_brand?post=1119"},{"taxonomy":"product_cat","embeddable":true,"href":"https:\/\/bestvaluekeys.com\/index.php\/wp-json\/wp\/v2\/product_cat?post=1119"},{"taxonomy":"product_tag","embeddable":true,"href":"https:\/\/bestvaluekeys.com\/index.php\/wp-json\/wp\/v2\/product_tag?post=1119"}],"curies":[{"name":"wp","href":"https:\/\/api.w.org\/{rel}","templated":true}]}}