{"id":1232,"date":"2025-01-20T17:05:38","date_gmt":"2025-01-20T23:05:38","guid":{"rendered":"https:\/\/bestvaluekeys.com\/?post_type=product&#038;p=1232"},"modified":"2025-12-09T16:38:26","modified_gmt":"2025-12-09T22:38:26","slug":"microsoft-office-profesional-plus-2016-1-pc-activacion-telefonica","status":"publish","type":"product","link":"https:\/\/bestvaluekeys.com\/index.php\/producto\/microsoft-office-profesional-plus-2016-1-pc-activacion-telefonica\/","title":{"rendered":"Microsoft Office Profesional Plus 2016 1 PC (Activaci\u00f3n Telef\u00f3nica)"},"content":{"rendered":"<p><strong><span class=\"\">Microsoft Office Professional Plus 2016<\/span><\/strong><span class=\"\">: En Office 2016, encontrar\u00e1 nuevas funciones de coautor\u00eda, herramientas de escritura manuscrita, tipos de datos, funciones, herramientas de traducci\u00f3n y edici\u00f3n, gr\u00e1ficos en movimiento, funciones f\u00e1ciles de usar y mucho m\u00e1s.<\/span><\/p>\n<p><strong>Programas en Microsoft Office Pro Plus 2016:<\/strong><\/p>\n<ul>\n<li>Outlook<\/li>\n<li>Word<\/li>\n<li>Excel<\/li>\n<li>PowerPoint<\/li>\n<li>Access<\/li>\n<li>Publisher<\/li>\n<li>Skype for Business<\/li>\n<li>OneDrive<\/li>\n<\/ul>\n","protected":false},"excerpt":{"rendered":"<p><strong><span class=\"VIpgJd-yAWNEb-VIpgJd-fmcmS-sn54Q\">Producto:<\/span><\/strong><span class=\"VIpgJd-yAWNEb-VIpgJd-fmcmS-sn54Q\">\u00a0Microsoft Office Profesional Plus 2021<\/span><\/p>\n<p><strong>Plataforma:<\/strong>\u00a0Microsoft Windows<\/p>\n<p><strong>Regi\u00f3n:<\/strong>\u00a0Global<\/p>\n<p>Este producto se puede activar o utilizar en todo el mundo y\u00a0es v\u00e1lido para activar tanto dispositivos de 32\/64 bits.<\/p>\n<p><strong>Este producto es solo para 1 dispositivo, c<\/strong><strong>ompatible \u00fanicamente con Windows 10 y Windows 11.\u00a0\u00a1Mac no es compatible!<\/strong><\/p>\n<p><strong>Este producto no estar\u00e1 vinculado a su cuenta de Microsoft.<\/strong><\/p>\n","protected":false},"featured_media":801,"comment_status":"open","ping_status":"closed","template":"","meta":[],"product_brand":[],"product_cat":[26],"product_tag":[27],"class_list":{"0":"post-1232","1":"product","2":"type-product","3":"status-publish","4":"has-post-thumbnail","6":"product_cat-microsoft-office","7":"product_tag-entrega-inmediata","9":"first","10":"outofstock","11":"sale","12":"virtual","13":"purchasable","14":"product-type-simple"},"jetpack_sharing_enabled":true,"_links":{"self":[{"href":"https:\/\/bestvaluekeys.com\/index.php\/wp-json\/wp\/v2\/product\/1232","targetHints":{"allow":["GET"]}}],"collection":[{"href":"https:\/\/bestvaluekeys.com\/index.php\/wp-json\/wp\/v2\/product"}],"about":[{"href":"https:\/\/bestvaluekeys.com\/index.php\/wp-json\/wp\/v2\/types\/product"}],"replies":[{"embeddable":true,"href":"https:\/\/bestvaluekeys.com\/index.php\/wp-json\/wp\/v2\/comments?post=1232"}],"wp:featuredmedia":[{"embeddable":true,"href":"https:\/\/bestvaluekeys.com\/index.php\/wp-json\/wp\/v2\/media\/801"}],"wp:attachment":[{"href":"https:\/\/bestvaluekeys.com\/index.php\/wp-json\/wp\/v2\/media?parent=1232"}],"wp:term":[{"taxonomy":"product_brand","embeddable":true,"href":"https:\/\/bestvaluekeys.com\/index.php\/wp-json\/wp\/v2\/product_brand?post=1232"},{"taxonomy":"product_cat","embeddable":true,"href":"https:\/\/bestvaluekeys.com\/index.php\/wp-json\/wp\/v2\/product_cat?post=1232"},{"taxonomy":"product_tag","embeddable":true,"href":"https:\/\/bestvaluekeys.com\/index.php\/wp-json\/wp\/v2\/product_tag?post=1232"}],"curies":[{"name":"wp","href":"https:\/\/api.w.org\/{rel}","templated":true}]}}