{"id":667,"date":"2023-12-13T19:08:38","date_gmt":"2023-12-14T01:08:38","guid":{"rendered":"https:\/\/bestvaluekeys.com\/?post_type=product&#038;p=667"},"modified":"2024-04-24T19:24:39","modified_gmt":"2024-04-25T01:24:39","slug":"microsoft-project-2019","status":"publish","type":"product","link":"https:\/\/bestvaluekeys.com\/index.php\/producto\/microsoft-project-2019\/","title":{"rendered":"Microsoft Project 2019 1 PC"},"content":{"rendered":"<p><strong>Microsoft Project Professional 2019 <\/strong>: Todas las herramientas importantes que le ayudar\u00e1n a iniciar sus proyectos sin ning\u00fan problema. Las colaboraciones en tiempo real y las plantillas predise\u00f1adas garantizan que est\u00e9 en el camino correcto.<\/p>\n<p><strong>Caracter\u00edsticas de Microsoft Project Pro 2019:<\/strong><\/p>\n<ul>\n<li>Startups r\u00e1pidas<\/li>\n<li>Las mejores plantillas de su clase<\/li>\n<li>Colaboraci\u00f3n en tiempo real<\/li>\n<li>Compromisos de recursos<\/li>\n<li>Gr\u00e1ficos familiares<\/li>\n<li>L\u00edneas de base intuitivas<\/li>\n<li>Informes informativos<\/li>\n<\/ul>\n<p><strong>Este producto solo se puede activar en Windows 10<\/strong>\u00a0.<\/p>\n","protected":false},"excerpt":{"rendered":"<p><strong>Microsoft Project 2019<\/strong>\u00a0es el software para la administraci\u00f3n de proyectos m\u00e1s utilizado en todo el mundo. Permite dise\u00f1ar planes, ajustar los recursos necesarios, seguir las finanzas y asignar tareas.<\/p>\n<p>Microsoft Project es una herramienta de gesti\u00f3n de proyectos que se parece mucho a las otras aplicaciones de Office. Esto quiere decir que estar\u00e1s familiarizado con su interfaz, pues posee la ya conocida cinta de opciones, los men\u00fas, etc.<\/p>\n","protected":false},"featured_media":799,"comment_status":"open","ping_status":"closed","template":"","meta":[],"product_brand":[],"product_cat":[26],"product_tag":[27],"class_list":{"0":"post-667","1":"product","2":"type-product","3":"status-publish","4":"has-post-thumbnail","6":"product_cat-microsoft-office","7":"product_tag-entrega-inmediata","9":"first","10":"outofstock","11":"virtual","12":"purchasable","13":"product-type-simple"},"jetpack_sharing_enabled":true,"_links":{"self":[{"href":"https:\/\/bestvaluekeys.com\/index.php\/wp-json\/wp\/v2\/product\/667","targetHints":{"allow":["GET"]}}],"collection":[{"href":"https:\/\/bestvaluekeys.com\/index.php\/wp-json\/wp\/v2\/product"}],"about":[{"href":"https:\/\/bestvaluekeys.com\/index.php\/wp-json\/wp\/v2\/types\/product"}],"replies":[{"embeddable":true,"href":"https:\/\/bestvaluekeys.com\/index.php\/wp-json\/wp\/v2\/comments?post=667"}],"wp:featuredmedia":[{"embeddable":true,"href":"https:\/\/bestvaluekeys.com\/index.php\/wp-json\/wp\/v2\/media\/799"}],"wp:attachment":[{"href":"https:\/\/bestvaluekeys.com\/index.php\/wp-json\/wp\/v2\/media?parent=667"}],"wp:term":[{"taxonomy":"product_brand","embeddable":true,"href":"https:\/\/bestvaluekeys.com\/index.php\/wp-json\/wp\/v2\/product_brand?post=667"},{"taxonomy":"product_cat","embeddable":true,"href":"https:\/\/bestvaluekeys.com\/index.php\/wp-json\/wp\/v2\/product_cat?post=667"},{"taxonomy":"product_tag","embeddable":true,"href":"https:\/\/bestvaluekeys.com\/index.php\/wp-json\/wp\/v2\/product_tag?post=667"}],"curies":[{"name":"wp","href":"https:\/\/api.w.org\/{rel}","templated":true}]}}