{"id":724,"date":"2023-12-13T23:23:40","date_gmt":"2023-12-14T05:23:40","guid":{"rendered":"https:\/\/bestvaluekeys.com\/?post_type=product&#038;p=724"},"modified":"2024-04-28T14:23:31","modified_gmt":"2024-04-28T20:23:31","slug":"microsoft-windows-7-professional","status":"publish","type":"product","link":"https:\/\/bestvaluekeys.com\/index.php\/producto\/microsoft-windows-7-professional\/","title":{"rendered":"Microsoft Windows 7 Professional 1 PC"},"content":{"rendered":"","protected":false},"excerpt":{"rendered":"<p><strong><span class=\"\">Licencia de Windows 7 Professional<\/span><\/strong><span class=\"\"> : Reciba su licencia original de Windows 7 Pro OEM por correo electr\u00f3nico para activar dispositivos de 32 y 64 bits. <\/span>Pague a trav\u00e9s de PayPal y Tarjeta con entrega inmediata a trav\u00e9s de correo electr\u00f3nico.<\/p>\n<p>Windows 7 hace que las cosas que haces todos los d\u00edas sean m\u00e1s f\u00e1ciles.\u00a0Con menos clics, b\u00fasquedas m\u00e1s r\u00e1pidas, navegaci\u00f3n m\u00e1s sencilla y formas m\u00e1s sencillas de conectarse, hay menos distancia entre usted y lo que desea hacer.\u00a0Windows 7 est\u00e1 dise\u00f1ado para mejorar el rendimiento de su PC, para que sea m\u00e1s r\u00e1pido, m\u00e1s seguro y m\u00e1s confiable.\u00a0Las PC con Windows 7 simplemente funcionan como usted desea que funcionen.<\/p>\n<p>Esta edici\u00f3n est\u00e1 dirigida a entusiastas, usuarios de peque\u00f1as empresas y escuelas.\u00a0Incluye todas las caracter\u00edsticas de Windows 7 Home Premium y agrega la posibilidad de participar en un dominio de Windows Server.\u00a0Las caracter\u00edsticas adicionales incluyen soporte para hasta 192 GB de memoria de acceso aleatorio (aumentado desde 16 GB), funcionamiento como servidor de escritorio remoto, impresi\u00f3n con reconocimiento de ubicaci\u00f3n, copia de seguridad en una ubicaci\u00f3n de red, sistema de cifrado de archivos, modo de presentaci\u00f3n, pol\u00edticas de restricci\u00f3n de software (pero no las funciones de administraci\u00f3n adicionales de AppLocker) y el modo Windows XP.<\/p>\n","protected":false},"featured_media":784,"comment_status":"open","ping_status":"closed","template":"","meta":[],"product_brand":[],"product_cat":[28],"product_tag":[27],"class_list":{"0":"post-724","1":"product","2":"type-product","3":"status-publish","4":"has-post-thumbnail","6":"product_cat-microsoft-windows","7":"product_tag-entrega-inmediata","9":"first","10":"instock","11":"virtual","12":"purchasable","13":"product-type-simple"},"jetpack_sharing_enabled":true,"_links":{"self":[{"href":"https:\/\/bestvaluekeys.com\/index.php\/wp-json\/wp\/v2\/product\/724","targetHints":{"allow":["GET"]}}],"collection":[{"href":"https:\/\/bestvaluekeys.com\/index.php\/wp-json\/wp\/v2\/product"}],"about":[{"href":"https:\/\/bestvaluekeys.com\/index.php\/wp-json\/wp\/v2\/types\/product"}],"replies":[{"embeddable":true,"href":"https:\/\/bestvaluekeys.com\/index.php\/wp-json\/wp\/v2\/comments?post=724"}],"wp:featuredmedia":[{"embeddable":true,"href":"https:\/\/bestvaluekeys.com\/index.php\/wp-json\/wp\/v2\/media\/784"}],"wp:attachment":[{"href":"https:\/\/bestvaluekeys.com\/index.php\/wp-json\/wp\/v2\/media?parent=724"}],"wp:term":[{"taxonomy":"product_brand","embeddable":true,"href":"https:\/\/bestvaluekeys.com\/index.php\/wp-json\/wp\/v2\/product_brand?post=724"},{"taxonomy":"product_cat","embeddable":true,"href":"https:\/\/bestvaluekeys.com\/index.php\/wp-json\/wp\/v2\/product_cat?post=724"},{"taxonomy":"product_tag","embeddable":true,"href":"https:\/\/bestvaluekeys.com\/index.php\/wp-json\/wp\/v2\/product_tag?post=724"}],"curies":[{"name":"wp","href":"https:\/\/api.w.org\/{rel}","templated":true}]}}