{"id":729,"date":"2023-12-13T23:33:07","date_gmt":"2023-12-14T05:33:07","guid":{"rendered":"https:\/\/bestvaluekeys.com\/?post_type=product&#038;p=729"},"modified":"2024-04-24T19:22:28","modified_gmt":"2024-04-25T01:22:28","slug":"microsoft-windows-7-ultimate","status":"publish","type":"product","link":"https:\/\/bestvaluekeys.com\/index.php\/producto\/microsoft-windows-7-ultimate\/","title":{"rendered":"Microsoft Windows 7 Ultimate 1 PC"},"content":{"rendered":"","protected":false},"excerpt":{"rendered":"<p><strong><span class=\"\">Licencia de Windows 7 Ultimate:<\/span><\/strong><span class=\"\"> Es un sistema operativo muy popular que se lanz\u00f3 en 2009. <\/span><\/p>\n<p><span class=\"\">Es la versi\u00f3n m\u00e1s avanzada de la serie Windows 7 y proporciona a los usuarios una plataforma potente y segura para sus necesidades inform\u00e1ticas.\u00a0<\/span>La versi\u00f3n Ultimate de Windows 7 ofrece una variedad de funciones que se adaptan tanto a usuarios personales como profesionales, incluida una gesti\u00f3n de datos mejorada, seguridad mejorada y una interfaz m\u00e1s elegante y f\u00e1cil de usar.<\/p>\n<p>Una de las ventajas m\u00e1s importantes de Windows 7 Ultimate es su rendimiento superior.\u00a0Se ejecuta m\u00e1s r\u00e1pido y m\u00e1s eficientemente que sus predecesores y permite a los usuarios realizar tareas de forma r\u00e1pida y sencilla.\u00a0Tambi\u00e9n viene con funciones de seguridad integradas como BitLocker, que permite a los usuarios cifrar sus datos y protegerlos del acceso no autorizado.<\/p>\n<p>Adem\u00e1s, Windows 7 Ultimate ofrece a los usuarios una gama de herramientas multimedia que facilitan la edici\u00f3n de fotograf\u00edas, v\u00eddeos y m\u00fasica.\u00a0Estas caracter\u00edsticas la convierten en una opci\u00f3n ideal para profesionales creativos que necesitan una plataforma potente y confiable para su trabajo.<\/p>\n","protected":false},"featured_media":791,"comment_status":"open","ping_status":"closed","template":"","meta":[],"product_brand":[],"product_cat":[28],"product_tag":[27],"class_list":{"0":"post-729","1":"product","2":"type-product","3":"status-publish","4":"has-post-thumbnail","6":"product_cat-microsoft-windows","7":"product_tag-entrega-inmediata","9":"first","10":"outofstock","11":"virtual","12":"purchasable","13":"product-type-simple"},"jetpack_sharing_enabled":true,"_links":{"self":[{"href":"https:\/\/bestvaluekeys.com\/index.php\/wp-json\/wp\/v2\/product\/729","targetHints":{"allow":["GET"]}}],"collection":[{"href":"https:\/\/bestvaluekeys.com\/index.php\/wp-json\/wp\/v2\/product"}],"about":[{"href":"https:\/\/bestvaluekeys.com\/index.php\/wp-json\/wp\/v2\/types\/product"}],"replies":[{"embeddable":true,"href":"https:\/\/bestvaluekeys.com\/index.php\/wp-json\/wp\/v2\/comments?post=729"}],"wp:featuredmedia":[{"embeddable":true,"href":"https:\/\/bestvaluekeys.com\/index.php\/wp-json\/wp\/v2\/media\/791"}],"wp:attachment":[{"href":"https:\/\/bestvaluekeys.com\/index.php\/wp-json\/wp\/v2\/media?parent=729"}],"wp:term":[{"taxonomy":"product_brand","embeddable":true,"href":"https:\/\/bestvaluekeys.com\/index.php\/wp-json\/wp\/v2\/product_brand?post=729"},{"taxonomy":"product_cat","embeddable":true,"href":"https:\/\/bestvaluekeys.com\/index.php\/wp-json\/wp\/v2\/product_cat?post=729"},{"taxonomy":"product_tag","embeddable":true,"href":"https:\/\/bestvaluekeys.com\/index.php\/wp-json\/wp\/v2\/product_tag?post=729"}],"curies":[{"name":"wp","href":"https:\/\/api.w.org\/{rel}","templated":true}]}}