{"id":731,"date":"2023-12-13T23:37:44","date_gmt":"2023-12-14T05:37:44","guid":{"rendered":"https:\/\/bestvaluekeys.com\/?post_type=product&#038;p=731"},"modified":"2024-04-28T14:22:08","modified_gmt":"2024-04-28T20:22:08","slug":"731","status":"publish","type":"product","link":"https:\/\/bestvaluekeys.com\/index.php\/producto\/731\/","title":{"rendered":"Microsoft Windows 11 Home 1 PC"},"content":{"rendered":"","protected":false},"excerpt":{"rendered":"<p><strong><span class=\"VIpgJd-yAWNEb-VIpgJd-fmcmS-sn54Q\">Licencia Windows 11 Home<\/span><\/strong><span class=\"VIpgJd-yAWNEb-VIpgJd-fmcmS-sn54Q\"> : Obtenga una licencia genuina de Windows 11 Home y rec\u00edbala por correo electr\u00f3nico para activar dispositivos de 32 y 64 bits.<\/span><\/p>\n<h3>Descripci\u00f3n de Windows:<\/h3>\n<p>Esta licencia se puede utilizar para activar Windows 11 Home de 32\/64 bits. <span class=\"\">Si a\u00fan no tiene Windows 11 instalado, puede descargarlo e instalarlo de forma gratuita desde el sitio web oficial de Microsoft y, despu\u00e9s de la instalaci\u00f3n, puede usar el c\u00f3digo que le enviamos para activarlo y acceder a m\u00e1s funciones premium de su Windows.<\/span><\/p>\n","protected":false},"featured_media":785,"comment_status":"open","ping_status":"closed","template":"","meta":[],"product_brand":[],"product_cat":[28],"product_tag":[27],"class_list":{"0":"post-731","1":"product","2":"type-product","3":"status-publish","4":"has-post-thumbnail","6":"product_cat-microsoft-windows","7":"product_tag-entrega-inmediata","9":"first","10":"instock","11":"virtual","12":"purchasable","13":"product-type-simple"},"jetpack_sharing_enabled":true,"_links":{"self":[{"href":"https:\/\/bestvaluekeys.com\/index.php\/wp-json\/wp\/v2\/product\/731","targetHints":{"allow":["GET"]}}],"collection":[{"href":"https:\/\/bestvaluekeys.com\/index.php\/wp-json\/wp\/v2\/product"}],"about":[{"href":"https:\/\/bestvaluekeys.com\/index.php\/wp-json\/wp\/v2\/types\/product"}],"replies":[{"embeddable":true,"href":"https:\/\/bestvaluekeys.com\/index.php\/wp-json\/wp\/v2\/comments?post=731"}],"wp:featuredmedia":[{"embeddable":true,"href":"https:\/\/bestvaluekeys.com\/index.php\/wp-json\/wp\/v2\/media\/785"}],"wp:attachment":[{"href":"https:\/\/bestvaluekeys.com\/index.php\/wp-json\/wp\/v2\/media?parent=731"}],"wp:term":[{"taxonomy":"product_brand","embeddable":true,"href":"https:\/\/bestvaluekeys.com\/index.php\/wp-json\/wp\/v2\/product_brand?post=731"},{"taxonomy":"product_cat","embeddable":true,"href":"https:\/\/bestvaluekeys.com\/index.php\/wp-json\/wp\/v2\/product_cat?post=731"},{"taxonomy":"product_tag","embeddable":true,"href":"https:\/\/bestvaluekeys.com\/index.php\/wp-json\/wp\/v2\/product_tag?post=731"}],"curies":[{"name":"wp","href":"https:\/\/api.w.org\/{rel}","templated":true}]}}