{"id":735,"date":"2023-12-13T23:45:13","date_gmt":"2023-12-14T05:45:13","guid":{"rendered":"https:\/\/bestvaluekeys.com\/?post_type=product&#038;p=735"},"modified":"2025-07-10T14:08:27","modified_gmt":"2025-07-10T20:08:27","slug":"microsoft-windows-11-professional","status":"publish","type":"product","link":"https:\/\/bestvaluekeys.com\/index.php\/producto\/microsoft-windows-11-professional\/","title":{"rendered":"Microsoft Windows 11 Professional 1 PC"},"content":{"rendered":"","protected":false},"excerpt":{"rendered":"<p><strong><span class=\"VIpgJd-yAWNEb-VIpgJd-fmcmS-sn54Q\">Licencia Windows 11 Pro<\/span><\/strong><span class=\"VIpgJd-yAWNEb-VIpgJd-fmcmS-sn54Q\">: Obtenga una licencia genuina de Windows 11 Pro y rec\u00edbala por correo electr\u00f3nico para activar dispositivos de 32 y 64 bits.<\/span><\/p>\n<h3>Descripci\u00f3n de Windows:<\/h3>\n<p><span class=\"\">Esta clave de activaci\u00f3n se puede utilizar para activar Windows 11 Professional de 32\/64 bits. Si a\u00fan no tiene Windows 11 instalado, puede descargarlo e instalarlo de forma gratuita desde el sitio web oficial de Microsoft y, despu\u00e9s de la instalaci\u00f3n, puede usar el c\u00f3digo que le enviamos para activarlo y acceder a m\u00e1s funciones premium de su Windows.<\/span><\/p>\n","protected":false},"featured_media":790,"comment_status":"open","ping_status":"closed","template":"","meta":[],"product_brand":[],"product_cat":[28],"product_tag":[27],"class_list":{"0":"post-735","1":"product","2":"type-product","3":"status-publish","4":"has-post-thumbnail","6":"product_cat-microsoft-windows","7":"product_tag-entrega-inmediata","9":"first","10":"instock","11":"virtual","12":"purchasable","13":"product-type-simple"},"jetpack_sharing_enabled":true,"_links":{"self":[{"href":"https:\/\/bestvaluekeys.com\/index.php\/wp-json\/wp\/v2\/product\/735","targetHints":{"allow":["GET"]}}],"collection":[{"href":"https:\/\/bestvaluekeys.com\/index.php\/wp-json\/wp\/v2\/product"}],"about":[{"href":"https:\/\/bestvaluekeys.com\/index.php\/wp-json\/wp\/v2\/types\/product"}],"replies":[{"embeddable":true,"href":"https:\/\/bestvaluekeys.com\/index.php\/wp-json\/wp\/v2\/comments?post=735"}],"wp:featuredmedia":[{"embeddable":true,"href":"https:\/\/bestvaluekeys.com\/index.php\/wp-json\/wp\/v2\/media\/790"}],"wp:attachment":[{"href":"https:\/\/bestvaluekeys.com\/index.php\/wp-json\/wp\/v2\/media?parent=735"}],"wp:term":[{"taxonomy":"product_brand","embeddable":true,"href":"https:\/\/bestvaluekeys.com\/index.php\/wp-json\/wp\/v2\/product_brand?post=735"},{"taxonomy":"product_cat","embeddable":true,"href":"https:\/\/bestvaluekeys.com\/index.php\/wp-json\/wp\/v2\/product_cat?post=735"},{"taxonomy":"product_tag","embeddable":true,"href":"https:\/\/bestvaluekeys.com\/index.php\/wp-json\/wp\/v2\/product_tag?post=735"}],"curies":[{"name":"wp","href":"https:\/\/api.w.org\/{rel}","templated":true}]}}